{"id":1077,"date":"2021-05-30T14:08:16","date_gmt":"2021-05-30T13:08:16","guid":{"rendered":"https:\/\/workout.wordifysites.com\/?page_id=2"},"modified":"2025-09-26T07:51:24","modified_gmt":"2025-09-26T07:51:24","slug":"accueil","status":"publish","type":"page","link":"https:\/\/www.visu-wal.com\/","title":{"rendered":"Accueil"},"content":{"rendered":"\n<div class=\"gb-element-cf6a1d98\" style=\"--inline-bg-image: url(https:\/\/www.visu-wal.com\/wp-content\/uploads\/2025\/05\/camera-7726802_1920.jpg)\">\n<div>\n<div>\n<p class=\"gb-text gb-text-c7a4c0f7\"><\/p>\n<\/div>\n\n\n\n<p class=\"gb-text gb-text-33a6e1e1\"><mark style=\"background-color:rgba(0, 0, 0, 0)\" class=\"has-inline-color has-contrast-4-color\">D\u00e9couvrez l&rsquo;art<\/mark><\/p>\n<\/div>\n\n\n\n<div>\n<div>\n<h1 class=\"gb-text gb-text-2e50a072\"><strong>Visu&rsquo;Wal<\/strong><\/h1>\n<\/div>\n<\/div>\n\n\n\n<div class=\"gb-element-6fbb839e\">\n<a class=\"gb-text gb-text-0b48ae42\" href=\"https:\/\/www.visu-wal.com\/?page_id=47\">Services<\/a>\n<\/div>\n\n\n\n<p><\/p>\n\n\n\n<p><\/p>\n\n\n\n<p><\/p>\n\n\n\n<p><\/p>\n\n\n\n<div><\/div>\n\n\n\n<div class=\"wp-block-columns is-layout-flex wp-container-core-columns-is-layout-9d6595d7 wp-block-columns-is-layout-flex\">\n<div class=\"wp-block-column is-layout-flow wp-block-column-is-layout-flow\" style=\"flex-basis:100%\">\n<div class=\"wp-block-columns is-layout-flex wp-container-core-columns-is-layout-9d6595d7 wp-block-columns-is-layout-flex\">\n<div class=\"wp-block-column is-layout-flow wp-block-column-is-layout-flow\" style=\"flex-basis:100%\">\n<div class=\"wp-block-cover alignright is-light\" style=\"min-height:50px;aspect-ratio:unset;\"><span aria-hidden=\"true\" class=\"wp-block-cover__background has-background-dim-0 has-background-dim\"><\/span><div class=\"wp-block-cover__inner-container is-layout-flow wp-block-cover-is-layout-flow\">\n<div class=\"wp-block-group is-content-justification-right is-nowrap is-layout-flex wp-container-core-group-is-layout-fd526d70 wp-block-group-is-layout-flex\">\n<div class=\"wp-block-group has-small-font-size is-content-justification-right is-nowrap is-layout-flex wp-container-core-group-is-layout-fd526d70 wp-block-group-is-layout-flex\">\n<a class=\"gb-text-98004d80\" aria-label=\"Follow us on Facebook\" href=\"https:\/\/www.facebook.com\/share\/p\/18x5tCDPuK\/\"><span class=\"gb-shape\"><svg xmlns=\"http:\/\/www.w3.org\/2000\/svg\" viewBox=\"0 0 320 512\" width=\"1em\" height=\"1em\" aria-hidden=\"true\"><path d=\"M279.14 288l14.22-92.66h-88.91v-60.13c0-25.35 12.42-50.06 52.24-50.06h40.42V6.26S260.43 0 225.36 0c-73.22 0-121.08 44.38-121.08 124.72v70.62H22.89V288h81.39v224h100.17V288z\" fill=\"currentColor\"><\/path><\/svg><\/span><\/a>\n\n\n\n<a class=\"gb-text-72a48bcd\" href=\"https:\/\/www.tiktok.com\/@visuwal_83?_t=ZN-8xKYYKryo3a&#038;_r=1\" aria-label=\"Follow us on X\"><span class=\"gb-shape\"><!--?xml version=\"1.0\" encoding=\"utf-8\"?--><!-- Uploaded to: SVG Repo, www.svgrepo.com, Generator: SVG Repo Mixer Tools -->\n<svg fill=\"#000000\" width=\"800px\" height=\"800px\" viewBox=\"0 0 512 512\" id=\"icons\" xmlns=\"http:\/\/www.w3.org\/2000\/svg\"><path d=\"M412.19,118.66a109.27,109.27,0,0,1-9.45-5.5,132.87,132.87,0,0,1-24.27-20.62c-18.1-20.71-24.86-41.72-27.35-56.43h.1C349.14,23.9,350,16,350.13,16H267.69V334.78c0,4.28,0,8.51-.18,12.69,0,.52-.05,1-.08,1.56,0,.23,0,.47-.05.71,0,.06,0,.12,0,.18a70,70,0,0,1-35.22,55.56,68.8,68.8,0,0,1-34.11,9c-38.41,0-69.54-31.32-69.54-70s31.13-70,69.54-70a68.9,68.9,0,0,1,21.41,3.39l.1-83.94a153.14,153.14,0,0,0-118,34.52,161.79,161.79,0,0,0-35.3,43.53c-3.48,6-16.61,30.11-18.2,69.24-1,22.21,5.67,45.22,8.85,54.73v.2c2,5.6,9.75,24.71,22.38,40.82A167.53,167.53,0,0,0,115,470.66v-.2l.2.2C155.11,497.78,199.36,496,199.36,496c7.66-.31,33.32,0,62.46-13.81,32.32-15.31,50.72-38.12,50.72-38.12a158.46,158.46,0,0,0,27.64-45.93c7.46-19.61,9.95-43.13,9.95-52.53V176.49c1,.6,14.32,9.41,14.32,9.41s19.19,12.3,49.13,20.31c21.48,5.7,50.42,6.9,50.42,6.9V131.27C453.86,132.37,433.27,129.17,412.19,118.66Z\"><\/path><\/svg><\/span><\/a>\n\n\n\n<a class=\"gb-text-6589660c\" href=\"https:\/\/www.instagram.com\/visuwal_83?igsh=NjJpd2wya3g4cXF4\" aria-label=\"Follow us on Instagram\"><span class=\"gb-shape\"><svg aria-hidden=\"true\" role=\"img\" height=\"1em\" width=\"1em\" viewBox=\"0 0 448 512\" xmlns=\"http:\/\/www.w3.org\/2000\/svg\"><path fill=\"currentColor\" d=\"M224.1 141c-63.6 0-114.9 51.3-114.9 114.9s51.3 114.9 114.9 114.9S339 319.5 339 255.9 287.7 141 224.1 141zm0 189.6c-41.1 0-74.7-33.5-74.7-74.7s33.5-74.7 74.7-74.7 74.7 33.5 74.7 74.7-33.6 74.7-74.7 74.7zm146.4-194.3c0 14.9-12 26.8-26.8 26.8-14.9 0-26.8-12-26.8-26.8s12-26.8 26.8-26.8 26.8 12 26.8 26.8zm76.1 27.2c-1.7-35.9-9.9-67.7-36.2-93.9-26.2-26.2-58-34.4-93.9-36.2-37-2.1-147.9-2.1-184.9 0-35.8 1.7-67.6 9.9-93.9 36.1s-34.4 58-36.2 93.9c-2.1 37-2.1 147.9 0 184.9 1.7 35.9 9.9 67.7 36.2 93.9s58 34.4 93.9 36.2c37 2.1 147.9 2.1 184.9 0 35.9-1.7 67.7-9.9 93.9-36.2 26.2-26.2 34.4-58 36.2-93.9 2.1-37 2.1-147.8 0-184.8zM398.8 388c-7.8 19.6-22.9 34.7-42.6 42.6-29.5 11.7-99.5 9-132.1 9s-102.7 2.6-132.1-9c-19.6-7.8-34.7-22.9-42.6-42.6-11.7-29.5-9-99.5-9-132.1s-2.6-102.7 9-132.1c7.8-19.6 22.9-34.7 42.6-42.6 29.5-11.7 99.5-9 132.1-9s102.7-2.6 132.1 9c19.6 7.8 34.7 22.9 42.6 42.6 11.7 29.5 9 99.5 9 132.1s2.7 102.7-9 132.1z\"><\/path><\/svg><\/span><\/a>\n\n\n\n<a class=\"gb-text-1bead7a1\" href=\"https:\/\/youtube.com\/@visuwal?feature=shared\" aria-label=\"Follow us on YouTube\"><span class=\"gb-shape\"><svg aria-hidden=\"true\" role=\"img\" height=\"1em\" width=\"1em\" viewBox=\"0 0 576 512\" xmlns=\"http:\/\/www.w3.org\/2000\/svg\"><path fill=\"currentColor\" d=\"M549.655 124.083c-6.281-23.65-24.787-42.276-48.284-48.597C458.781 64 288 64 288 64S117.22 64 74.629 75.486c-23.497 6.322-42.003 24.947-48.284 48.597-11.412 42.867-11.412 132.305-11.412 132.305s0 89.438 11.412 132.305c6.281 23.65 24.787 41.5 48.284 47.821C117.22 448 288 448 288 448s170.78 0 213.371-11.486c23.497-6.321 42.003-24.171 48.284-47.821 11.412-42.867 11.412-132.305 11.412-132.305s0-89.438-11.412-132.305zm-317.51 213.508V175.185l142.739 81.205-142.739 81.201z\"><\/path><\/svg><\/span><\/a>\n<\/div>\n<\/div>\n<\/div><\/div>\n<\/div>\n<\/div>\n<\/div>\n<\/div>\n<\/div>\n\n\n\n<div>\n<section class=\"gb-element-88bbdcfe\">\n<div>\n<div>\n<div class=\"wp-block-columns is-layout-flex wp-container-core-columns-is-layout-9d6595d7 wp-block-columns-is-layout-flex\">\n<div class=\"wp-block-column is-layout-flow wp-block-column-is-layout-flow\" style=\"flex-basis:100%\">\n<div class=\"wp-block-group\"><div class=\"wp-block-group__inner-container is-layout-constrained wp-block-group-is-layout-constrained\">\n<p class=\"has-text-align-center has-medium-font-size\"><mark style=\"background-color:rgba(0, 0, 0, 0)\" class=\"has-inline-color has-base-2-color\"><b><mark style=\"background-color:rgba(0, 0, 0, 0)\" class=\"has-inline-color has-base-2-color\"><strong>Infographiste<\/strong><\/mark><\/b><\/mark> <mark style=\"background-color:rgba(0, 0, 0, 0)\" class=\"has-inline-color has-base-2-color\"><b><mark style=\"background-color:rgba(0, 0, 0, 0)\" class=\"has-inline-color has-base-2-color\"><strong>freelance<\/strong><\/mark><\/b><\/mark>, <mark style=\"background-color:rgba(0, 0, 0, 0)\" class=\"has-inline-color has-base-2-color\"><mark style=\"background-color: rgba(0, 0, 0, 0);\" class=\"has-inline-color has-base-2-color\"><strong style=\"font-weight: bold;\">Photo<\/strong><\/mark><strong>graphe \u00e9v\u00e9nementiel, Webdesigner, Designer Graphic, <\/strong><\/mark><br><mark style=\"background-color:rgba(0, 0, 0, 0)\" class=\"has-inline-color has-base-2-color\"><strong>Cr\u00e9ateur de contenu, on vous accompagne dans la cr\u00e9ation de votre identit\u00e9 visuelle.<\/strong><\/mark><\/p>\n\n\n\n<p class=\"has-text-align-center\"><em><mark style=\"background-color:rgba(0, 0, 0, 0)\" class=\"has-inline-color has-base-color\">Entrepreneurs, cr\u00e9ateurs, associations : on vous aide \u00e0 traduire vos id\u00e9es en images percutantes.<\/mark><\/em><\/p>\n<\/div><\/div>\n<\/div>\n<\/div>\n<\/div>\n<\/div>\n\n\n\n<div class=\"gb-element-b7a60bc5\">\n<div class=\"gb-element-ccc91616\">\n<h2 class=\"gb-text gb-text-f5027235\"><mark style=\"background-color:rgba(0, 0, 0, 0)\" class=\"has-inline-color has-base-color\">01<\/mark><\/h2>\n\n\n\n<h4 class=\"gb-text gb-text-271eb8d2\"><mark style=\"background-color:rgba(0, 0, 0, 0)\" class=\"has-inline-color has-contrast-3-color\">COMMUNICATION VISUELLE<\/mark><\/h4>\n\n\n\n<p class=\"gb-text\"><em><mark style=\"background-color:rgba(0, 0, 0, 0)\" class=\"has-inline-color has-contrast-3-color\">Savoir communiquer <\/mark><\/em><br><em><mark style=\"background-color:rgba(0, 0, 0, 0)\" class=\"has-inline-color has-contrast-3-color\">c&rsquo;est savoir marquer les esprits<\/mark><\/em><\/p>\n\n\n\n<a class=\"gb-text-268707d2\" href=\"https:\/\/www.visu-wal.com\/?page_id=47\"><span class=\"gb-shape\"><svg viewBox=\"0 0 227.096 227.096\" xmlns=\"http:\/\/www.w3.org\/2000\/svg\"><path d=\"m152.835 39.285-5.902 5.898 64.18 64.19H0v8.35h211.124l-64.191 64.179 5.902 5.909 74.261-74.261z\"><\/path><\/svg><\/span><\/a>\n<\/div>\n\n\n\n<div class=\"gb-element-ee09af91\">\n<h2 class=\"gb-text gb-text-056eab9f\"><mark style=\"background-color:rgba(0, 0, 0, 0)\" class=\"has-inline-color has-base-color\">02<\/mark><\/h2>\n\n\n\n<h4 class=\"gb-text gb-text-b9833607\"><mark style=\"background-color:rgba(0, 0, 0, 0)\" class=\"has-inline-color has-contrast-3-color\">COACHING &amp; CONSULTING<\/mark><\/h4>\n\n\n\n<p class=\"gb-text\"><em><mark style=\"background-color:rgba(0, 0, 0, 0)\" class=\"has-inline-color has-contrast-3-color\">Lib\u00e9rez votre potentiel cach\u00e9,<\/mark><\/em><br><em><mark style=\"background-color:rgba(0, 0, 0, 0)\" class=\"has-inline-color has-contrast-3-color\">Former c&rsquo;est gagn\u00e9<\/mark><\/em><\/p>\n\n\n\n<a class=\"gb-text-7e5c5f48\" href=\"https:\/\/www.visu-wal.com\/?page_id=47\"><span class=\"gb-shape\"><svg viewBox=\"0 0 227.096 227.096\" xmlns=\"http:\/\/www.w3.org\/2000\/svg\"><path d=\"m152.835 39.285-5.902 5.898 64.18 64.19H0v8.35h211.124l-64.191 64.179 5.902 5.909 74.261-74.261z\"><\/path><\/svg><\/span><\/a>\n<\/div>\n\n\n\n<div class=\"gb-element-6467bb61\">\n<h2 class=\"gb-text gb-text-39be2b69\"><mark style=\"background-color:rgba(0, 0, 0, 0)\" class=\"has-inline-color has-base-color\">03<\/mark><\/h2>\n\n\n\n<h4 class=\"gb-text gb-text-06c759b2\"><mark style=\"background-color:rgba(0, 0, 0, 0)\" class=\"has-inline-color has-contrast-3-color\">STRATEGIE DE COMMUNICATION<\/mark><\/h4>\n\n\n\n<p class=\"gb-text\"><mark style=\"background-color:rgba(0, 0, 0, 0)\" class=\"has-inline-color has-contrast-3-color\">Faites r\u00e9sonner votre message <\/mark><br><mark style=\"background-color:rgba(0, 0, 0, 0)\" class=\"has-inline-color has-contrast-3-color\">au-del\u00e0 des mots<\/mark><\/p>\n\n\n\n<a class=\"gb-text-d25fe322\" href=\"https:\/\/www.visu-wal.com\/?page_id=47\"><span class=\"gb-shape\"><svg viewBox=\"0 0 227.096 227.096\" xmlns=\"http:\/\/www.w3.org\/2000\/svg\"><path d=\"m152.835 39.285-5.902 5.898 64.18 64.19H0v8.35h211.124l-64.191 64.179 5.902 5.909 74.261-74.261z\"><\/path><\/svg><\/span><\/a>\n<\/div>\n<\/div>\n<\/section>\n<\/div>\n\n\n\n<section class=\"gb-element-eb3f0947\">\n<div class=\"gb-element-0c708178\">\n<p><em><strong><strong><mark style=\"background-color:rgba(0, 0, 0, 0);color:#f70000\" class=\"has-inline-color\">R\u00e9aliser l&rsquo;impossible<\/mark><\/strong><\/strong><\/em><\/p>\n\n\n\n<p class=\"gb-text gb-text-f42c5c22\"><mark style=\"background-color:rgba(0, 0, 0, 0)\" class=\"has-inline-color has-contrast-4-color\">Donnez vie \u00e0 vos id\u00e9es gr\u00e2ce \u00e0 un<\/mark> <mark class=\"gb-highlight\"><strong><mark style=\"background-color:rgba(0, 0, 0, 0)\" class=\"has-inline-color has-base-2-color\">DESIGN<\/mark><\/strong><\/mark> <br><strong><mark style=\"background-color:rgba(0, 0, 0, 0)\" class=\"has-inline-color has-base-2-color\">SUR-MESURE ET PERCUTANT.<\/mark><\/strong><\/p>\n\n\n\n<p class=\"gb-text-982fff39\"><span class=\"gb-shape\"><svg aria-hidden=\"true\" role=\"img\" height=\"1em\" width=\"1em\" viewBox=\"0 0 448 512\" xmlns=\"http:\/\/www.w3.org\/2000\/svg\"><path fill=\"currentColor\" d=\"M400 32H48C21.49 32 0 53.49 0 80v352c0 26.51 21.49 48 48 48h352c26.51 0 48-21.49 48-48V80c0-26.51-21.49-48-48-48zm0 400H48V80h352v352zm-35.864-241.724L191.547 361.48c-4.705 4.667-12.303 4.637-16.97-.068l-90.781-91.516c-4.667-4.705-4.637-12.303.069-16.971l22.719-22.536c4.705-4.667 12.303-4.637 16.97.069l59.792 60.277 141.352-140.216c4.705-4.667 12.303-4.637 16.97.068l22.536 22.718c4.667 4.706 4.637 12.304-.068 16.971z\"><\/path><\/svg><\/span><span class=\"gb-text\"><mark style=\"background-color:rgba(0, 0, 0, 0)\" class=\"has-inline-color has-contrast-4-color\">Un rendu visuel professionnel et coh\u00e9rent<\/mark><\/span><\/p>\n\n\n\n<p class=\"gb-text-66e435eb\"><span class=\"gb-shape\"><svg aria-hidden=\"true\" role=\"img\" height=\"1em\" width=\"1em\" viewBox=\"0 0 448 512\" xmlns=\"http:\/\/www.w3.org\/2000\/svg\"><path fill=\"currentColor\" d=\"M400 32H48C21.49 32 0 53.49 0 80v352c0 26.51 21.49 48 48 48h352c26.51 0 48-21.49 48-48V80c0-26.51-21.49-48-48-48zm0 400H48V80h352v352zm-35.864-241.724L191.547 361.48c-4.705 4.667-12.303 4.637-16.97-.068l-90.781-91.516c-4.667-4.705-4.637-12.303.069-16.971l22.719-22.536c4.705-4.667 12.303-4.637 16.97.069l59.792 60.277 141.352-140.216c4.705-4.667 12.303-4.637 16.97.068l22.536 22.718c4.667 4.706 4.637 12.304-.068 16.971z\"><\/path><\/svg><\/span><span class=\"gb-text\"><mark style=\"background-color:rgba(0, 0, 0, 0)\" class=\"has-inline-color has-contrast-4-color\">Une communication claire et percutante<\/mark><\/span><\/p>\n\n\n\n<p class=\"gb-text-ac97fcd2\"><span class=\"gb-shape\"><svg aria-hidden=\"true\" role=\"img\" height=\"1em\" width=\"1em\" viewBox=\"0 0 448 512\" xmlns=\"http:\/\/www.w3.org\/2000\/svg\"><path fill=\"currentColor\" d=\"M400 32H48C21.49 32 0 53.49 0 80v352c0 26.51 21.49 48 48 48h352c26.51 0 48-21.49 48-48V80c0-26.51-21.49-48-48-48zm0 400H48V80h352v352zm-35.864-241.724L191.547 361.48c-4.705 4.667-12.303 4.637-16.97-.068l-90.781-91.516c-4.667-4.705-4.637-12.303.069-16.971l22.719-22.536c4.705-4.667 12.303-4.637 16.97.069l59.792 60.277 141.352-140.216c4.705-4.667 12.303-4.637 16.97.068l22.536 22.718c4.667 4.706 4.637 12.304-.068 16.971z\"><\/path><\/svg><\/span><span class=\"gb-text\"><mark style=\"background-color:rgba(0, 0, 0, 0)\" class=\"has-inline-color has-contrast-4-color\">Cr\u00e9ativit\u00e9 &amp; regard ext\u00e9rieur<\/mark><\/span><\/p>\n\n\n\n<p class=\"gb-text-14eef828\"><span class=\"gb-shape\"><svg aria-hidden=\"true\" role=\"img\" height=\"1em\" width=\"1em\" viewBox=\"0 0 448 512\" xmlns=\"http:\/\/www.w3.org\/2000\/svg\"><path fill=\"currentColor\" d=\"M400 32H48C21.49 32 0 53.49 0 80v352c0 26.51 21.49 48 48 48h352c26.51 0 48-21.49 48-48V80c0-26.51-21.49-48-48-48zm0 400H48V80h352v352zm-35.864-241.724L191.547 361.48c-4.705 4.667-12.303 4.637-16.97-.068l-90.781-91.516c-4.667-4.705-4.637-12.303.069-16.971l22.719-22.536c4.705-4.667 12.303-4.637 16.97.069l59.792 60.277 141.352-140.216c4.705-4.667 12.303-4.637 16.97.068l22.536 22.718c4.667 4.706 4.637 12.304-.068 16.971z\"><\/path><\/svg><\/span><span class=\"gb-text\"><mark style=\"background-color:rgba(0, 0, 0, 0)\" class=\"has-inline-color has-contrast-4-color\">Supports adapt\u00e9s \u00e0 tous les formats<\/mark><\/span><\/p>\n<\/div>\n\n\n\n<div class=\"gb-element-3b0e96f8\">\n<div class=\"gb-element-e6e7a91c\">\n<div>\n<h3 class=\"gb-text-0256fdd2\"><span class=\"gb-shape\"><svg viewBox=\"0 0 363.868 363.868\" xmlns=\"http:\/\/www.w3.org\/2000\/svg\"><path d=\"M92.723 274.945c-3.178 3.178-5.747 9.388-5.747 13.875v58.444h33.929v-92.373c0-4.487-2.569-5.56-5.747-2.382l-22.435 22.436zM241.752 219.573c-3.17 3.178-5.747 9.389-5.747 13.884v113.816h33.929V199.487c0-4.487-2.569-5.552-5.747-2.374l-22.435 22.46zM291.418 169.834c-3.178 3.17-5.755 9.38-5.755 13.867v163.563h31.547V152.212c0-4.487-2.577-5.56-5.755-2.382l-20.037 20.004zM193.078 268.239s-1.512 1.52-3.381 3.39c-1.861 1.87-3.373 7.031-3.373 11.518v64.118h33.929v-98.047c0-4.487-2.577-5.56-5.755-2.382l-21.42 21.403zM142.405 250.998c-3.178-3.17-5.755-2.105-5.755 2.382v93.885h33.929v-60.03c0-4.487-2.439-10.559-5.454-13.558l-5.454-5.43-17.266-17.249zM50.023 317.669l-10.957 10.974c-3.17 3.178-5.739 8.633-5.739 12.193v6.438h37.871V304.59c0-4.487-2.569-5.552-5.747-2.374l-15.428 15.453z\"><\/path><path d=\"M358.121 150.724c3.17 3.178 5.747 2.105 5.747-2.382V32.193c0-8.316-7.966-15.599-16.233-15.599H232.16c-4.487 0-5.56 2.577-2.382 5.755l41.074 41.106-16.753 16.68-77.701 77.774L135.3 116.82c-3.178-3.178-8.316-3.17-11.494 0L9.519 231.189c-12.697 12.705-12.689 33.295.008 45.991l.797.805c12.697 12.697 33.287 12.697 45.975-.008l73.247-73.287 41.098 41.057a8.144 8.144 0 0 0 11.502 0l135.479-135.503 40.496 40.48z\"><\/path><\/svg><\/span><span class=\"gb-text\">Des supports de vente percutants, <br>qui convertissent<\/span><\/h3>\n\n\n\n<p class=\"gb-headline gb-headline-ed1af437 gb-headline-text\"><mark style=\"background-color:rgba(0, 0, 0, 0)\" class=\"has-inline-color has-contrast-4-color\">Des flyers, pr\u00e9sentations ou visuels publicitaires bien con\u00e7us mettent en valeur tes offres et facilitent la <em><strong>d\u00e9cision d\u2019achat. <\/strong><\/em><\/mark><\/p>\n\n\n\n<p><mark style=\"background-color:rgba(0, 0, 0, 0)\" class=\"has-inline-color has-accent-color\"><strong><em>R\u00e9sultat : <\/em>plus de ventes et un meilleur retour sur investissement.<\/strong><\/mark><\/p>\n<\/div>\n\n\n\n<div>\n<h3 class=\"gb-text-246ec5c6\"><span class=\"gb-shape\"><svg viewBox=\"0 0 472.7 472.7\" xmlns=\"http:\/\/www.w3.org\/2000\/svg\"><path d=\"M433.5 67c-25.3-25.3-59-39.3-94.8-39.3s-69.6 14-94.9 39.4l-7.3 7.3-7.5-7.5c-25.4-25.4-59.1-39.4-95-39.4-35.8 0-69.4 13.9-94.7 39.3C13.9 92.2 0 125.9 0 161.7s14 69.5 39.4 94.8l182.7 182.7c3.8 3.8 9 6 14.5 6 5.4 0 10.6-2.2 14.5-6l182.2-182.4c25.4-25.4 39.3-59.1 39.4-94.9S458.8 92.4 433.5 67zm-301 50.2c-23.9 0-43.4 19.5-43.4 43.4 0 11-8.9 19.9-19.9 19.9s-19.9-8.9-19.9-19.9c0-45.8 37.3-83.1 83.1-83.1 11 0 19.9 8.9 19.9 19.9.1 11-8.8 19.8-19.8 19.8z\"><\/path><\/svg><\/span><span class=\"gb-text\">Une exp\u00e9rience visuelle qui touche<\/span><\/h3>\n\n\n\n<p class=\"gb-text gb-text-f4ef8368\"><mark style=\"background-color:rgba(0, 0, 0, 0)\" class=\"has-inline-color has-contrast-4-color\">Des visuels bien pens\u00e9s ne se contentent pas d&rsquo;informer : ils <em><strong>\u00e9veillent une \u00e9motion<\/strong><\/em>, racontent une histoire, suscitent l\u2019envie. Cela cr\u00e9e un lien affectif entre la marque et le client.<\/mark><\/p>\n\n\n\n<p><em><mark style=\"background-color:rgba(0, 0, 0, 0);color:#0067fc\" class=\"has-inline-color\">\u00ab\u00a0On n\u2019ach\u00e8te pas un produit, on ach\u00e8te une \u00e9motion, une ambiance, une valeur.\u00a0\u00bb<\/mark><\/em><\/p>\n<\/div>\n\n\n\n<div>\n<h3 class=\"gb-text-c8fb5c2d\"><span class=\"gb-shape\"><svg viewBox=\"0 0 512 512\" xmlns=\"http:\/\/www.w3.org\/2000\/svg\"><path d=\"M315.733 221.867H196.267a8.536 8.536 0 0 0-8.533 8.533 8.536 8.536 0 0 0 8.533 8.533h119.467a8.53 8.53 0 0 0 8.533-8.533 8.531 8.531 0 0 0-8.534-8.533zM486.4 136.533h-17.067c-3.371 0-6.579.691-9.515 1.877-2.961-10.88-12.817-18.944-24.619-18.944h-17.067c-3.371 0-6.579.691-9.515 1.877C405.658 110.464 395.802 102.4 384 102.4h-17.067c-14.114 0-25.6 11.486-25.6 25.6v256c0 14.114 11.486 25.6 25.6 25.6H384c11.802 0 21.658-8.064 24.619-18.944 2.935 1.186 6.144 1.877 9.515 1.877H435.2c14.114 0 25.6-11.486 25.6-25.6v-10.112c2.679.964 5.521 1.579 8.533 1.579H486.4c14.114 0 25.6-11.486 25.6-25.6V162.133c0-14.114-11.486-25.6-25.6-25.6zm-93.867 8.534V384c0 4.702-3.823 8.533-8.533 8.533h-17.067c-4.71 0-8.533-3.831-8.533-8.533V128c0-4.702 3.823-8.533 8.533-8.533H384c4.71 0 8.533 3.831 8.533 8.533v17.067zm51.2 17.066v204.8c0 4.702-3.823 8.533-8.533 8.533h-17.067c-4.71 0-8.533-3.831-8.533-8.533V145.067c0-4.702 3.823-8.533 8.533-8.533H435.2c4.71 0 8.533 3.831 8.533 8.533v17.066zm51.2 170.667c0 4.702-3.823 8.533-8.533 8.533h-17.067c-4.71 0-8.533-3.831-8.533-8.533V162.133c0-4.702 3.823-8.533 8.533-8.533H486.4c4.71 0 8.533 3.831 8.533 8.533V332.8zM145.067 102.4H128c-11.802 0-21.666 8.064-24.61 18.944-2.953-1.186-6.153-1.877-9.523-1.877H76.8c-14.114 0-25.6 11.486-25.6 25.6v10.103c-2.68-.956-5.521-1.57-8.533-1.57H25.6C11.486 153.6 0 165.086 0 179.2v170.667c0 14.114 11.486 25.6 25.6 25.6h17.067c3.371 0 6.571-.691 9.523-1.877 2.944 10.88 12.809 18.944 24.61 18.944h17.067c3.371 0 6.571-.691 9.523-1.877 2.944 10.88 12.809 18.944 24.61 18.944h17.067c14.114 0 25.6-11.486 25.6-25.6V128c0-14.114-11.486-25.6-25.6-25.6zM51.2 349.867c0 4.702-3.831 8.533-8.533 8.533H25.6c-4.702 0-8.533-3.831-8.533-8.533V179.2c0-4.702 3.831-8.533 8.533-8.533h17.067c4.702 0 8.533 3.831 8.533 8.533v170.667zm51.2 17.066c0 4.702-3.831 8.533-8.533 8.533H76.8c-4.702 0-8.533-3.831-8.533-8.533V145.067c0-4.702 3.831-8.533 8.533-8.533h17.067c4.702 0 8.533 3.831 8.533 8.533v221.866zM153.6 384c0 4.702-3.831 8.533-8.533 8.533H128c-4.702 0-8.533-3.831-8.533-8.533V128c0-4.702 3.831-8.533 8.533-8.533h17.067c4.702 0 8.533 3.831 8.533 8.533v256zM315.733 273.067H196.267a8.536 8.536 0 0 0-8.533 8.533 8.536 8.536 0 0 0 8.533 8.533h119.467a8.53 8.53 0 0 0 8.533-8.533 8.531 8.531 0 0 0-8.534-8.533z\"><\/path><\/svg><\/span><span class=\"gb-text\">Une identit\u00e9 visuelle <br>forte et m\u00e9morable<\/span><\/h3>\n\n\n\n<p class=\"gb-text gb-text-51616b8c\"><mark style=\"background-color:rgba(0, 0, 0, 0)\" class=\"has-inline-color has-contrast-4-color\">Un logo, une charte graphique et des visuels professionnels rendent ta marque <strong><em>reconnaissable au premier coup d&rsquo;\u0153il.<\/em><\/strong> Plus ton image est soign\u00e9e, plus tu inspires confiance, ce qui attire de nouveaux clients.<\/mark><\/p>\n<\/div>\n\n\n\n<div>\n<h3 class=\"gb-text-f858d10a\"><span class=\"gb-shape\"><svg viewBox=\"0 0 256 190\" xmlns=\"http:\/\/www.w3.org\/2000\/svg\"><path d=\"M48.12 27.903C48.12 13.564 59.592 2 74.023 2c14.339 0 25.903 11.564 25.903 25.903-.092 14.432-11.656 25.903-25.903 25.903-14.339 0-25.903-11.564-25.903-25.903zM191 139h-47V97c0-20.461-17.881-37-38-37H43C20.912 60 1.99 79.14 2 98v77c-.026 8.533 6.001 12.989 12 13 6.014.011 12-4.445 12-13v-75h8v88h78v-88h8l.081 50.37c-.053 8.729 5.342 12.446 10.919 12.63h60c16.363 0 16.363-24 0-24zm63-59.239c0 26.94-21.918 48.858-48.858 48.858s-48.858-21.918-48.858-48.858c0-25.024 18.912-45.711 43.193-48.528v-6.184h-6.755V13.34h25.667v11.708h-7.205v6.228a48.46 48.46 0 0 1 15.319 4.55l4.113-6.524 9.904 6.243-4.186 6.639C247.121 51.154 254 64.669 254 79.761zm-11.699 0c0-20.489-16.669-37.159-37.159-37.159s-37.159 16.669-37.159 37.159 16.669 37.159 37.159 37.159 37.159-16.67 37.159-37.159zm-36.97-30.396v30.17h30.17c-.179-16.605-13.542-30.091-30.17-30.17z\"><\/path><\/svg><\/span><span class=\"gb-text\">Une image de marque solide et coh\u00e9rente<\/span><\/h3>\n\n\n\n<p class=\"gb-text gb-text-65a88712\"><mark style=\"background-color:rgba(0, 0, 0, 0)\" class=\"has-inline-color has-contrast-4-color\">Un univers graphique bien d\u00e9fini d\u00e8s le d\u00e9part (logo, couleurs, typographie, style visuel) cr\u00e9e <strong><em>une identit\u00e9 forte et reconnaissable<\/em><\/strong>, qui traverse les ann\u00e9es sans perdre en impact.<\/mark><\/p>\n<\/div>\n<\/div>\n<\/div>\n<\/section>\n\n\n\n<section class=\"gb-element-0daae786\">\n<img loading=\"lazy\" decoding=\"async\" width=\"1312\" height=\"992\" class=\"gb-media-35b91c79\" src=\"https:\/\/www.visu-wal.com\/wp-content\/uploads\/2025\/05\/a119e23a-b586-11ef-8bc6-0242ac110002-jpg-hero_image.jpeg\" title=\"a119e23a-b586-11ef-8bc6-0242ac110002-jpg-hero_image\" alt=\"\" srcset=\"https:\/\/www.visu-wal.com\/wp-content\/uploads\/2025\/05\/a119e23a-b586-11ef-8bc6-0242ac110002-jpg-hero_image.jpeg 1312w, https:\/\/www.visu-wal.com\/wp-content\/uploads\/2025\/05\/a119e23a-b586-11ef-8bc6-0242ac110002-jpg-hero_image-300x227.jpeg 300w, https:\/\/www.visu-wal.com\/wp-content\/uploads\/2025\/05\/a119e23a-b586-11ef-8bc6-0242ac110002-jpg-hero_image-1024x774.jpeg 1024w, https:\/\/www.visu-wal.com\/wp-content\/uploads\/2025\/05\/a119e23a-b586-11ef-8bc6-0242ac110002-jpg-hero_image-768x581.jpeg 768w\" sizes=\"auto, (max-width: 1312px) 100vw, 1312px\" \/>\n\n\n\n<div class=\"wp-block-group is-nowrap is-layout-flex wp-container-core-group-is-layout-ad2f72ca wp-block-group-is-layout-flex\">\n<div class=\"gb-element-1f729f01\">\n<h2 class=\"gb-text-cdab94e9\"><span class=\"gb-shape\"><svg viewBox=\"0 0 218.28 17.62\" xmlns=\"http:\/\/www.w3.org\/2000\/svg\" data-name=\"Capa 1\"><path d=\"M0 0h217.92v17.62H0z\"><\/path><\/svg><\/span><span class=\"gb-text\">Cr\u00e9ativit\u00e9 <br>sans limite<\/span><\/h2>\n\n\n\n<p class=\"has-text-align-left has-medium-font-size\"><mark style=\"background-color:rgba(0, 0, 0, 0)\" class=\"has-inline-color has-base-2-color\"><strong>Votre vision, notre expertise. Avec Visu&rsquo;Wal transformez vos id\u00e9es en visuels captivants.<\/strong><\/mark><\/p>\n\n\n\n<p class=\"has-text-align-left has-medium-font-size\"><mark style=\"background-color:rgba(0, 0, 0, 0)\" class=\"has-inline-color has-base-2-color\"><strong>Besoin de plus d&rsquo;informations<\/strong>, <\/mark><a href=\"https:\/\/www.visu-wal.com\/?page_id=53\"><mark style=\"background-color:rgba(0, 0, 0, 0)\" class=\"has-inline-color has-accent-color\">contactez nous !<\/mark><\/a><\/p>\n\n\n\n<h2 class=\"wp-block-heading\"><br><\/h2>\n\n\n\n<div class=\"wp-block-group is-content-justification-center is-nowrap is-layout-flex wp-container-core-group-is-layout-94bc23d7 wp-block-group-is-layout-flex\">\n<a class=\"gb-text-fe4b643d\" href=\"https:\/\/www.visu-wal.com\/?page_id=47\"><span class=\"gb-text\">Nos Services<\/span><span class=\"gb-shape\"><svg viewBox=\"0 0 247 165\" xmlns=\"http:\/\/www.w3.org\/2000\/svg\" data-name=\"Capa 1\"><path d=\"M33 0H0l66 82-66 83h33l66-83L33 0z\"><\/path><path d=\"M83 0H50l66 82-66 83h33l66-83L83 0z\"><\/path><path d=\"M181 0H99l66 82-66 83h82l66-83-66-82z\"><\/path><\/svg><\/span><\/a>\n<\/div>\n<\/div>\n<\/div>\n<\/section>\n\n\n\n<p><\/p>\n","protected":false},"excerpt":{"rendered":"<p>D\u00e9couvrez l&rsquo;art Visu&rsquo;Wal Services Infographiste freelance, Photographe \u00e9v\u00e9nementiel, Webdesigner, Designer Graphic, Cr\u00e9ateur de contenu, on vous accompagne dans la cr\u00e9ation de votre identit\u00e9 visuelle. Entrepreneurs, &#8230; <a title=\"Accueil\" class=\"read-more\" href=\"https:\/\/www.visu-wal.com\/\" aria-label=\"En savoir plus sur Accueil\">Lire plus<\/a><\/p>\n","protected":false},"author":1,"featured_media":0,"parent":0,"menu_order":0,"comment_status":"closed","ping_status":"closed","template":"","meta":{"footnotes":""},"class_list":["post-1077","page","type-page","status-publish"],"_links":{"self":[{"href":"https:\/\/www.visu-wal.com\/index.php?rest_route=\/wp\/v2\/pages\/1077","targetHints":{"allow":["GET"]}}],"collection":[{"href":"https:\/\/www.visu-wal.com\/index.php?rest_route=\/wp\/v2\/pages"}],"about":[{"href":"https:\/\/www.visu-wal.com\/index.php?rest_route=\/wp\/v2\/types\/page"}],"author":[{"embeddable":true,"href":"https:\/\/www.visu-wal.com\/index.php?rest_route=\/wp\/v2\/users\/1"}],"replies":[{"embeddable":true,"href":"https:\/\/www.visu-wal.com\/index.php?rest_route=%2Fwp%2Fv2%2Fcomments&post=1077"}],"version-history":[{"count":179,"href":"https:\/\/www.visu-wal.com\/index.php?rest_route=\/wp\/v2\/pages\/1077\/revisions"}],"predecessor-version":[{"id":2385,"href":"https:\/\/www.visu-wal.com\/index.php?rest_route=\/wp\/v2\/pages\/1077\/revisions\/2385"}],"wp:attachment":[{"href":"https:\/\/www.visu-wal.com\/index.php?rest_route=%2Fwp%2Fv2%2Fmedia&parent=1077"}],"curies":[{"name":"wp","href":"https:\/\/api.w.org\/{rel}","templated":true}]}}