{"id":1579,"date":"2025-06-15T17:21:42","date_gmt":"2025-06-15T17:21:42","guid":{"rendered":"https:\/\/www.visu-wal.com\/?page_id=1579"},"modified":"2025-09-26T09:19:56","modified_gmt":"2025-09-26T09:19:56","slug":"conception-graphique","status":"publish","type":"page","link":"https:\/\/www.visu-wal.com\/?page_id=1579","title":{"rendered":"Conception graphique"},"content":{"rendered":"\n<figure class=\"wp-block-gallery has-nested-images columns-default is-cropped wp-block-gallery-1 is-layout-flex wp-block-gallery-is-layout-flex\">\n<figure class=\"wp-block-image size-large\"><img loading=\"lazy\" decoding=\"async\" width=\"1536\" height=\"1024\" data-id=\"1907\" src=\"https:\/\/www.visu-wal.com\/wp-content\/uploads\/2025\/07\/ChatGPT-Image-4-juil.-2025-10_34_26.png\" alt=\"\" class=\"wp-image-1907\" srcset=\"https:\/\/www.visu-wal.com\/wp-content\/uploads\/2025\/07\/ChatGPT-Image-4-juil.-2025-10_34_26.png 1536w, https:\/\/www.visu-wal.com\/wp-content\/uploads\/2025\/07\/ChatGPT-Image-4-juil.-2025-10_34_26-300x200.png 300w\" sizes=\"auto, (max-width: 1536px) 100vw, 1536px\" \/><\/figure>\n<\/figure>\n\n\n\n<div class=\"wp-block-group is-nowrap is-layout-flex wp-container-core-group-is-layout-ad2f72ca wp-block-group-is-layout-flex\">\n<div class=\"wp-block-group is-nowrap is-layout-flex wp-container-core-group-is-layout-ad2f72ca wp-block-group-is-layout-flex\"><\/div>\n<\/div>\n\n\n\n<div class=\"wp-block-group is-nowrap is-layout-flex wp-container-core-group-is-layout-ad2f72ca wp-block-group-is-layout-flex\">\n<div class=\"wp-block-group is-nowrap is-layout-flex wp-container-core-group-is-layout-ad2f72ca wp-block-group-is-layout-flex\"><\/div>\n\n\n\n<p><\/p>\n<\/div>\n\n\n\n<p><\/p>\n\n\n\n<p><\/p>\n\n\n\n<p><\/p>\n\n\n\n<h2 class=\"wp-block-heading\">IDENTIT\u00c9 VISUELLE \u2022 <em>Supports imprim\u00e9s &amp; digitaux<\/em><\/h2>\n\n\n\n<p><strong>Donnez vie \u00e0 vos id\u00e9es. Faites rayonner votre image.<\/strong><\/p>\n\n\n\n<p>Nous concevons des visuels sur mesure, pens\u00e9s pour refl\u00e9ter l\u2019essence de votre marque et atteindre vos objectifs de communication. Chaque cr\u00e9ation est le fruit d\u2019une \u00e9coute attentive, d\u2019un regard strat\u00e9gique et d\u2019une exigence esth\u00e9tique.<\/p>\n\n\n\n<h3 class=\"wp-block-heading has-text-align-left has-large-font-size\">Identit\u00e9 visuelle<\/h3>\n\n\n\n<p><strong>L\u2019image qui parle pour vous.<\/strong><br>Nous cr\u00e9ons ou faisons \u00e9voluer votre identit\u00e9 graphique pour exprimer votre positionnement avec justesse :<\/p>\n\n\n\n<ul class=\"wp-block-list\">\n<li>Logos, palettes de couleurs, typographies<\/li>\n\n\n\n<li>Charte graphique compl\u00e8te<\/li>\n\n\n\n<li>Coh\u00e9rence entre vos diff\u00e9rents supports<\/li>\n<\/ul>\n\n\n\n<h3 class=\"wp-block-heading has-large-font-size\">Supports de communication<\/h3>\n\n\n\n<p><strong>Pour marquer les esprits.<\/strong><br>Nous r\u00e9alisons tous vos supports print et digitaux, dans le respect de votre image de marque :<\/p>\n\n\n\n<ul class=\"wp-block-list\">\n<li>Affiches, flyers, cartes de visite, brochures<\/li>\n\n\n\n<li>Visuels pour les r\u00e9seaux sociaux, banni\u00e8res, pr\u00e9sentations<\/li>\n\n\n\n<li>Templates personnalis\u00e9s pour une autonomie graphique<\/li>\n<\/ul>\n\n\n\n<h3 class=\"wp-block-heading has-large-font-size\">Design strat\u00e9gique<\/h3>\n\n\n\n<p><strong>Du beau, mais surtout du sens.<\/strong><br>Chaque visuel est pens\u00e9 pour servir votre message et capter l\u2019attention de votre cible :<\/p>\n\n\n\n<ul class=\"wp-block-list\">\n<li>Alignement avec votre strat\u00e9gie de communication<\/li>\n\n\n\n<li>Hi\u00e9rarchisation de l\u2019information<\/li>\n\n\n\n<li>Cr\u00e9ativit\u00e9 et clart\u00e9 au service de l\u2019efficacit\u00e9<\/li>\n<\/ul>\n\n\n\n<h3 class=\"wp-block-heading has-large-font-size\">Cr\u00e9ation sur-mesure<\/h3>\n\n\n\n<p>Parce que votre marque est unique, nos cr\u00e9ations le sont aussi.<br>Nous allions sens, esth\u00e9tique et coh\u00e9rence pour faire de vos supports des outils puissants et professionnels.<\/p>\n\n\n\n<h3 class=\"wp-block-heading has-large-font-size\">Donnez vie \u00e0 vos id\u00e9es, sur tous vos supports<\/h3>\n\n\n\n<p><strong>Affiches, flyers, cartes de visite, identit\u00e9 visuelle compl\u00e8te\u2026<\/strong><br>Chez Visu&rsquo;Wal, chaque cr\u00e9ation graphique est pens\u00e9e pour <strong>valoriser votre image de marque<\/strong> et <strong>atteindre vos objectifs de communication<\/strong>.<\/p>\n\n\n\n<h3 class=\"wp-block-heading has-large-font-size\">Ce que nous proposons<\/h3>\n\n\n\n<ul class=\"wp-block-list\">\n<li><strong><mark style=\"background-color:rgba(0, 0, 0, 0)\" class=\"has-inline-color has-accent-color\">Design d\u2019affiches &amp; flyers impactants<\/mark><\/strong><\/li>\n\n\n\n<li><strong>Cr\u00e9ation de cartes de visite professionnelles<\/strong><\/li>\n\n\n\n<li><strong>Identit\u00e9 visuelle compl\u00e8te (logo, couleurs, typographie)<\/strong><\/li>\n\n\n\n<li><strong>Supports print &amp; digitaux adapt\u00e9s \u00e0 vos besoins<\/strong><\/li>\n<\/ul>\n\n\n\n<h3 class=\"wp-block-heading has-large-font-size\">Notre approche<\/h3>\n\n\n\n<p>Des <strong>cr\u00e9ations sur-mesure<\/strong>, coh\u00e9rentes avec votre univers de marque, <strong>claires, modernes et efficaces<\/strong>.<br>Nous transformons vos id\u00e9es en visuels percutants, que ce soit pour le web ou pour l\u2019impression.<\/p>\n\n\n\n<h3 class=\"wp-block-heading has-large-font-size\"><mark style=\"background-color:rgba(0, 0, 0, 0)\" class=\"has-inline-color has-accent-color\">POURQUOI CHOISIR VISU&rsquo;WAL ?<\/mark><\/h3>\n\n\n\n<p><\/p>\n\n\n\n<ul class=\"wp-block-list has-medium-font-size\">\n<li><em><mark style=\"background-color:rgba(0, 0, 0, 0)\" class=\"has-inline-color has-accent-color\">Parce qu\u2019une image forte vaut plus qu\u2019un long discours.<\/mark><\/em><br><\/li>\n\n\n\n<li><em><mark style=\"background-color:rgba(0, 0, 0, 0)\" class=\"has-inline-color has-accent-color\">Et que chaque d\u00e9tail visuel influence la perception de votre marque.<\/mark><\/em><\/li>\n<\/ul>\n\n\n\n<p><\/p>\n","protected":false},"excerpt":{"rendered":"<p>IDENTIT\u00c9 VISUELLE \u2022 Supports imprim\u00e9s &amp; digitaux Donnez vie \u00e0 vos id\u00e9es. Faites rayonner votre image. Nous concevons des visuels sur mesure, pens\u00e9s pour refl\u00e9ter &#8230; <a title=\"Conception graphique\" class=\"read-more\" href=\"https:\/\/www.visu-wal.com\/?page_id=1579\" aria-label=\"En savoir plus sur Conception graphique\">Lire plus<\/a><\/p>\n","protected":false},"author":1,"featured_media":0,"parent":0,"menu_order":0,"comment_status":"closed","ping_status":"closed","template":"","meta":{"footnotes":""},"class_list":["post-1579","page","type-page","status-publish"],"_links":{"self":[{"href":"https:\/\/www.visu-wal.com\/index.php?rest_route=\/wp\/v2\/pages\/1579","targetHints":{"allow":["GET"]}}],"collection":[{"href":"https:\/\/www.visu-wal.com\/index.php?rest_route=\/wp\/v2\/pages"}],"about":[{"href":"https:\/\/www.visu-wal.com\/index.php?rest_route=\/wp\/v2\/types\/page"}],"author":[{"embeddable":true,"href":"https:\/\/www.visu-wal.com\/index.php?rest_route=\/wp\/v2\/users\/1"}],"replies":[{"embeddable":true,"href":"https:\/\/www.visu-wal.com\/index.php?rest_route=%2Fwp%2Fv2%2Fcomments&post=1579"}],"version-history":[{"count":36,"href":"https:\/\/www.visu-wal.com\/index.php?rest_route=\/wp\/v2\/pages\/1579\/revisions"}],"predecessor-version":[{"id":2557,"href":"https:\/\/www.visu-wal.com\/index.php?rest_route=\/wp\/v2\/pages\/1579\/revisions\/2557"}],"wp:attachment":[{"href":"https:\/\/www.visu-wal.com\/index.php?rest_route=%2Fwp%2Fv2%2Fmedia&parent=1579"}],"curies":[{"name":"wp","href":"https:\/\/api.w.org\/{rel}","templated":true}]}}