{"id":1581,"date":"2025-06-15T17:22:22","date_gmt":"2025-06-15T17:22:22","guid":{"rendered":"https:\/\/www.visu-wal.com\/?page_id=1581"},"modified":"2025-09-26T09:12:00","modified_gmt":"2025-09-26T09:12:00","slug":"site-vitrine","status":"publish","type":"page","link":"https:\/\/www.visu-wal.com\/?page_id=1581","title":{"rendered":"SITE INTERNET"},"content":{"rendered":"\n<figure class=\"wp-block-image size-large\"><img loading=\"lazy\" decoding=\"async\" width=\"1024\" height=\"609\" src=\"https:\/\/www.visu-wal.com\/wp-content\/uploads\/2025\/07\/laptop-2838921_1920-1024x609.jpg\" alt=\"\" class=\"wp-image-1917\" srcset=\"https:\/\/www.visu-wal.com\/wp-content\/uploads\/2025\/07\/laptop-2838921_1920-1024x609.jpg 1024w, https:\/\/www.visu-wal.com\/wp-content\/uploads\/2025\/07\/laptop-2838921_1920-300x178.jpg 300w, https:\/\/www.visu-wal.com\/wp-content\/uploads\/2025\/07\/laptop-2838921_1920-768x456.jpg 768w, https:\/\/www.visu-wal.com\/wp-content\/uploads\/2025\/07\/laptop-2838921_1920-1536x913.jpg 1536w, https:\/\/www.visu-wal.com\/wp-content\/uploads\/2025\/07\/laptop-2838921_1920.jpg 1920w\" sizes=\"auto, (max-width: 1024px) 100vw, 1024px\" \/><\/figure>\n\n\n\n<div class=\"wp-block-group is-nowrap is-layout-flex wp-container-core-group-is-layout-ad2f72ca wp-block-group-is-layout-flex\">\n<div class=\"wp-block-group is-nowrap is-layout-flex wp-container-core-group-is-layout-ad2f72ca wp-block-group-is-layout-flex\"><\/div>\n\n\n\n<p><\/p>\n<\/div>\n\n\n\n<p><\/p>\n\n\n\n<p><\/p>\n\n\n\n<p><\/p>\n\n\n\n<h2 class=\"wp-block-heading has-large-font-size\">SITE VITRINE \u2022 <em>Boutique en ligne \u2022 Pr\u00e9sence digitale sur-mesure<\/em><\/h2>\n\n\n\n<p><strong>Pr\u00e9sentez votre activit\u00e9 avec clart\u00e9, \u00e9l\u00e9gance et efficacit\u00e9.<\/strong><\/p>\n\n\n\n<p>Nous concevons des sites web personnalis\u00e9s, pens\u00e9s pour vous repr\u00e9senter fid\u00e8lement, renforcer votre cr\u00e9dibilit\u00e9 et donner envie d\u2019entrer en contact avec vous. Chaque projet est unique, \u00e0 l\u2019image de votre entreprise.<\/p>\n\n\n\n<h3 class=\"wp-block-heading has-large-font-size\">Site vitrine<\/h3>\n\n\n\n<p><strong>Votre vitrine en ligne, disponible 24h\/24.<\/strong><br>Un site bien con\u00e7u est plus qu\u2019un simple support : c\u2019est un outil de communication \u00e0 part enti\u00e8re.<br>Nous cr\u00e9ons des sites :<\/p>\n\n\n\n<ul class=\"wp-block-list\">\n<li>Esth\u00e9tiques et professionnels<\/li>\n\n\n\n<li>Intuitifs et ergonomiques<\/li>\n\n\n\n<li>Optimis\u00e9s pour tous les \u00e9crans (responsive design)<\/li>\n<\/ul>\n\n\n\n<h3 class=\"wp-block-heading has-large-font-size\">Boutique en ligne<\/h3>\n\n\n\n<p><strong>Vendez vos produits en toute simplicit\u00e9.<\/strong><br>Nous d\u00e9veloppons des sites e-commerce adapt\u00e9s \u00e0 vos besoins :<\/p>\n\n\n\n<ul class=\"wp-block-list\">\n<li>Catalogue clair et structur\u00e9<\/li>\n\n\n\n<li>Parcours d\u2019achat fluide<\/li>\n\n\n\n<li>Int\u00e9gration des moyens de paiement et de livraison<\/li>\n<\/ul>\n\n\n\n<h3 class=\"wp-block-heading has-large-font-size\">Un site align\u00e9 avec votre image<\/h3>\n\n\n\n<p><strong>Coh\u00e9rent, impactant, strat\u00e9gique.<\/strong><br>Chaque site est pens\u00e9 pour :<\/p>\n\n\n\n<ul class=\"wp-block-list\">\n<li>Valoriser votre identit\u00e9 visuelle<\/li>\n\n\n\n<li>Transmettre vos valeurs<\/li>\n\n\n\n<li>Inciter \u00e0 l\u2019action (prise de contact, inscription, achat, etc.)<\/li>\n<\/ul>\n\n\n\n<h3 class=\"wp-block-heading has-large-font-size\">Accompagnement complet<\/h3>\n\n\n\n<p><strong>De la conception \u00e0 la mise en ligne.<\/strong><br>Nous vous guidons \u00e0 chaque \u00e9tape :<\/p>\n\n\n\n<ul class=\"wp-block-list\">\n<li>Structure du contenu et arborescence<\/li>\n\n\n\n<li>Design personnalis\u00e9 et d\u00e9veloppement<\/li>\n\n\n\n<li>Formation \u00e0 la prise en main du site si besoin<\/li>\n<\/ul>\n","protected":false},"excerpt":{"rendered":"<p>SITE VITRINE \u2022 Boutique en ligne \u2022 Pr\u00e9sence digitale sur-mesure Pr\u00e9sentez votre activit\u00e9 avec clart\u00e9, \u00e9l\u00e9gance et efficacit\u00e9. Nous concevons des sites web personnalis\u00e9s, pens\u00e9s &#8230; <a title=\"SITE INTERNET\" class=\"read-more\" href=\"https:\/\/www.visu-wal.com\/?page_id=1581\" aria-label=\"En savoir plus sur SITE INTERNET\">Lire plus<\/a><\/p>\n","protected":false},"author":1,"featured_media":0,"parent":0,"menu_order":0,"comment_status":"closed","ping_status":"closed","template":"","meta":{"footnotes":""},"class_list":["post-1581","page","type-page","status-publish"],"_links":{"self":[{"href":"https:\/\/www.visu-wal.com\/index.php?rest_route=\/wp\/v2\/pages\/1581","targetHints":{"allow":["GET"]}}],"collection":[{"href":"https:\/\/www.visu-wal.com\/index.php?rest_route=\/wp\/v2\/pages"}],"about":[{"href":"https:\/\/www.visu-wal.com\/index.php?rest_route=\/wp\/v2\/types\/page"}],"author":[{"embeddable":true,"href":"https:\/\/www.visu-wal.com\/index.php?rest_route=\/wp\/v2\/users\/1"}],"replies":[{"embeddable":true,"href":"https:\/\/www.visu-wal.com\/index.php?rest_route=%2Fwp%2Fv2%2Fcomments&post=1581"}],"version-history":[{"count":9,"href":"https:\/\/www.visu-wal.com\/index.php?rest_route=\/wp\/v2\/pages\/1581\/revisions"}],"predecessor-version":[{"id":2548,"href":"https:\/\/www.visu-wal.com\/index.php?rest_route=\/wp\/v2\/pages\/1581\/revisions\/2548"}],"wp:attachment":[{"href":"https:\/\/www.visu-wal.com\/index.php?rest_route=%2Fwp%2Fv2%2Fmedia&parent=1581"}],"curies":[{"name":"wp","href":"https:\/\/api.w.org\/{rel}","templated":true}]}}