{"id":1583,"date":"2025-06-15T17:22:42","date_gmt":"2025-06-15T17:22:42","guid":{"rendered":"https:\/\/www.visu-wal.com\/?page_id=1583"},"modified":"2025-09-26T09:12:52","modified_gmt":"2025-09-26T09:12:52","slug":"strategie-de-communication","status":"publish","type":"page","link":"https:\/\/www.visu-wal.com\/?page_id=1583","title":{"rendered":"STRATEGIE DE COMMUNICATION"},"content":{"rendered":"\n<figure class=\"wp-block-image size-large\"><img loading=\"lazy\" decoding=\"async\" width=\"1024\" height=\"630\" src=\"https:\/\/www.visu-wal.com\/wp-content\/uploads\/2025\/07\/earth-2254769_1920-1024x630.jpg\" alt=\"\" class=\"wp-image-1915\" srcset=\"https:\/\/www.visu-wal.com\/wp-content\/uploads\/2025\/07\/earth-2254769_1920-1024x630.jpg 1024w, https:\/\/www.visu-wal.com\/wp-content\/uploads\/2025\/07\/earth-2254769_1920-300x185.jpg 300w, https:\/\/www.visu-wal.com\/wp-content\/uploads\/2025\/07\/earth-2254769_1920-768x472.jpg 768w, https:\/\/www.visu-wal.com\/wp-content\/uploads\/2025\/07\/earth-2254769_1920-1536x945.jpg 1536w, https:\/\/www.visu-wal.com\/wp-content\/uploads\/2025\/07\/earth-2254769_1920.jpg 1920w\" sizes=\"auto, (max-width: 1024px) 100vw, 1024px\" \/><\/figure>\n\n\n\n<div class=\"wp-block-group is-nowrap is-layout-flex wp-container-core-group-is-layout-ad2f72ca wp-block-group-is-layout-flex\">\n<div class=\"wp-block-group is-nowrap is-layout-flex wp-container-core-group-is-layout-ad2f72ca wp-block-group-is-layout-flex\"><\/div>\n\n\n\n<p><\/p>\n<\/div>\n\n\n\n<p><\/p>\n\n\n\n<p><\/p>\n\n\n\n<p><\/p>\n\n\n\n<h3 class=\"wp-block-heading has-large-font-size\">CONSEIL \u2022 <em>Coaching \u2022 Formations sur mesure<\/em><\/h3>\n\n\n\n<p><strong>Optimisez votre impact, alignez votre image, faites passer le bon message.<\/strong><\/p>\n\n\n\n<p>Notre accompagnement s\u2019adresse aux entreprises, ind\u00e9pendants ou institutions souhaitant structurer ou renforcer leur communication. Gr\u00e2ce \u00e0 une approche compl\u00e8te et personnalis\u00e9e, nous vous aidons \u00e0 construire une strat\u00e9gie claire, coh\u00e9rente et align\u00e9e avec votre identit\u00e9.<\/p>\n\n\n\n<h3 class=\"wp-block-heading has-large-font-size\">Audits complets<\/h3>\n\n\n\n<p><strong>Pour repartir sur de bonnes bases.<\/strong><br>Nous r\u00e9alisons un audit de votre communication actuelle (site web, r\u00e9seaux sociaux, supports imprim\u00e9s, etc.) pour :<\/p>\n\n\n\n<ul class=\"wp-block-list\">\n<li>Identifier vos forces et leviers de diff\u00e9renciation<\/li>\n\n\n\n<li>Relever les incoh\u00e9rences visuelles ou verbales<\/li>\n\n\n\n<li>D\u00e9tecter les points d\u2019am\u00e9lioration \u00e0 fort impact<\/li>\n<\/ul>\n\n\n\n<h3 class=\"wp-block-heading has-large-font-size\">Analyse de positionnement<\/h3>\n\n\n\n<p><strong>Comprendre qui vous \u00eates, pour mieux vous adresser \u00e0 votre public.<\/strong><br>Nous examinons votre positionnement de marque et la coh\u00e9rence de votre discours :<\/p>\n\n\n\n<ul class=\"wp-block-list\">\n<li>D\u00e9finition ou clarification de votre identit\u00e9<\/li>\n\n\n\n<li>\u00c9tude de votre cible et de ses attentes<\/li>\n\n\n\n<li>Alignement de votre message avec vos valeurs<\/li>\n<\/ul>\n\n\n\n<h3 class=\"wp-block-heading has-large-font-size\">Accompagnement strat\u00e9gique<\/h3>\n\n\n\n<p><strong>Coaching, conseil et formations adapt\u00e9es \u00e0 vos besoins.<\/strong><br>Nous intervenons selon votre niveau de maturit\u00e9 et vos objectifs :<\/p>\n\n\n\n<ul class=\"wp-block-list\">\n<li>Coaching individuel ou d\u2019\u00e9quipe<\/li>\n\n\n\n<li>Accompagnement au changement en interne<\/li>\n\n\n\n<li>Formations pratiques (ton, storytelling, strat\u00e9gie r\u00e9seaux, etc.)<\/li>\n<\/ul>\n\n\n\n<h3 class=\"wp-block-heading has-large-font-size\">Un impact durable<\/h3>\n\n\n\n<p>Notre approche vise \u00e0 renforcer la coh\u00e9rence, la pertinence et la port\u00e9e de votre communication \u00e0 long terme. Ensemble, nous construisons une strat\u00e9gie qui a du sens \u2014 et du r\u00e9sultat.<\/p>\n\n\n\n<p><\/p>\n","protected":false},"excerpt":{"rendered":"<p>CONSEIL \u2022 Coaching \u2022 Formations sur mesure Optimisez votre impact, alignez votre image, faites passer le bon message. Notre accompagnement s\u2019adresse aux entreprises, ind\u00e9pendants ou &#8230; <a title=\"STRATEGIE DE COMMUNICATION\" class=\"read-more\" href=\"https:\/\/www.visu-wal.com\/?page_id=1583\" aria-label=\"En savoir plus sur STRATEGIE DE COMMUNICATION\">Lire plus<\/a><\/p>\n","protected":false},"author":1,"featured_media":0,"parent":0,"menu_order":0,"comment_status":"closed","ping_status":"closed","template":"","meta":{"footnotes":""},"class_list":["post-1583","page","type-page","status-publish"],"_links":{"self":[{"href":"https:\/\/www.visu-wal.com\/index.php?rest_route=\/wp\/v2\/pages\/1583","targetHints":{"allow":["GET"]}}],"collection":[{"href":"https:\/\/www.visu-wal.com\/index.php?rest_route=\/wp\/v2\/pages"}],"about":[{"href":"https:\/\/www.visu-wal.com\/index.php?rest_route=\/wp\/v2\/types\/page"}],"author":[{"embeddable":true,"href":"https:\/\/www.visu-wal.com\/index.php?rest_route=\/wp\/v2\/users\/1"}],"replies":[{"embeddable":true,"href":"https:\/\/www.visu-wal.com\/index.php?rest_route=%2Fwp%2Fv2%2Fcomments&post=1583"}],"version-history":[{"count":3,"href":"https:\/\/www.visu-wal.com\/index.php?rest_route=\/wp\/v2\/pages\/1583\/revisions"}],"predecessor-version":[{"id":2549,"href":"https:\/\/www.visu-wal.com\/index.php?rest_route=\/wp\/v2\/pages\/1583\/revisions\/2549"}],"wp:attachment":[{"href":"https:\/\/www.visu-wal.com\/index.php?rest_route=%2Fwp%2Fv2%2Fmedia&parent=1583"}],"curies":[{"name":"wp","href":"https:\/\/api.w.org\/{rel}","templated":true}]}}