{"id":1585,"date":"2025-06-15T17:23:08","date_gmt":"2025-06-15T17:23:08","guid":{"rendered":"https:\/\/www.visu-wal.com\/?page_id=1585"},"modified":"2025-09-26T09:14:00","modified_gmt":"2025-09-26T09:14:00","slug":"creer-inspirer-connecter","status":"publish","type":"page","link":"https:\/\/www.visu-wal.com\/?page_id=1585","title":{"rendered":"MONTAGE VIDEOS"},"content":{"rendered":"\n<figure class=\"wp-block-image size-large\"><img loading=\"lazy\" decoding=\"async\" width=\"1024\" height=\"683\" src=\"https:\/\/www.visu-wal.com\/wp-content\/uploads\/2025\/07\/video-editing-6834406_1920-1024x683.jpg\" alt=\"\" class=\"wp-image-1927\" srcset=\"https:\/\/www.visu-wal.com\/wp-content\/uploads\/2025\/07\/video-editing-6834406_1920-1024x683.jpg 1024w, https:\/\/www.visu-wal.com\/wp-content\/uploads\/2025\/07\/video-editing-6834406_1920-300x200.jpg 300w, https:\/\/www.visu-wal.com\/wp-content\/uploads\/2025\/07\/video-editing-6834406_1920-768x512.jpg 768w, https:\/\/www.visu-wal.com\/wp-content\/uploads\/2025\/07\/video-editing-6834406_1920-1536x1024.jpg 1536w, https:\/\/www.visu-wal.com\/wp-content\/uploads\/2025\/07\/video-editing-6834406_1920.jpg 1920w\" sizes=\"auto, (max-width: 1024px) 100vw, 1024px\" \/><\/figure>\n\n\n\n<div class=\"wp-block-group is-nowrap is-layout-flex wp-container-core-group-is-layout-ad2f72ca wp-block-group-is-layout-flex\">\n<div class=\"wp-block-group is-nowrap is-layout-flex wp-container-core-group-is-layout-ad2f72ca wp-block-group-is-layout-flex\"><\/div>\n\n\n\n<p><\/p>\n<\/div>\n\n\n\n<p><\/p>\n\n\n\n<p><\/p>\n\n\n\n<p><\/p>\n\n\n\n<h3 class=\"wp-block-heading has-large-font-size\">CR\u00c9ATIONS DE CONTENUS \u2022 <em>Retouches photo \u2022 Vid\u00e9os sur-mesure<\/em><\/h3>\n\n\n\n<p><strong>Faites vibrer vos id\u00e9es \u00e0 travers des images qui bougent.<\/strong><\/p>\n\n\n\n<p>Nous transformons vos s\u00e9quences brutes en vid\u00e9os dynamiques, engageantes et parfaitement adapt\u00e9es \u00e0 votre message. Du montage \u00e0 la finition, chaque d\u00e9tail compte pour capter l\u2019attention et renforcer votre impact.<\/p>\n\n\n\n<hr class=\"wp-block-separator has-alpha-channel-opacity\"\/>\n\n\n\n<h3 class=\"wp-block-heading has-large-font-size\">Montage vid\u00e9o professionnel<\/h3>\n\n\n\n<p><strong>Donnez du rythme \u00e0 votre communication.<\/strong><br>Nous prenons en charge l\u2019ensemble du processus de montage :<\/p>\n\n\n\n<ul class=\"wp-block-list\">\n<li>Tri et s\u00e9lection des meilleures s\u00e9quences<\/li>\n\n\n\n<li>Assemblage fluide et storytelling visuel<\/li>\n\n\n\n<li>Int\u00e9gration de musique, voix-off, sous-titres et effets<\/li>\n<\/ul>\n\n\n\n<hr class=\"wp-block-separator has-alpha-channel-opacity\"\/>\n\n\n\n<h3 class=\"wp-block-heading has-large-font-size\">Retouches photo &amp; visuels<\/h3>\n\n\n\n<p><strong>Pour des images nettes et percutantes.<\/strong><br>Nous assurons \u00e9galement la retouche de vos visuels pour une communication homog\u00e8ne et soign\u00e9e :<\/p>\n\n\n\n<ul class=\"wp-block-list\">\n<li>Ajustement des couleurs et des lumi\u00e8res<\/li>\n\n\n\n<li>Corrections esth\u00e9tiques et recadrages<\/li>\n\n\n\n<li>Cr\u00e9ation de visuels adapt\u00e9s aux r\u00e9seaux ou au print<\/li>\n<\/ul>\n\n\n\n<hr class=\"wp-block-separator has-alpha-channel-opacity\"\/>\n\n\n\n<h3 class=\"wp-block-heading has-large-font-size\">Contenu sur-mesure<\/h3>\n\n\n\n<p><strong>Chaque projet est unique, chaque vid\u00e9o raconte une histoire.<\/strong><br>Nos cr\u00e9ations sont con\u00e7ues pour r\u00e9pondre \u00e0 vos objectifs :<\/p>\n\n\n\n<ul class=\"wp-block-list\">\n<li>Vid\u00e9os courtes pour les r\u00e9seaux sociaux<\/li>\n\n\n\n<li>Pr\u00e9sentations produits, interviews, teasers<\/li>\n\n\n\n<li>Capsules \u00e9v\u00e9nementielles ou corporate<\/li>\n<\/ul>\n\n\n\n<hr class=\"wp-block-separator has-alpha-channel-opacity\"\/>\n\n\n\n<h3 class=\"wp-block-heading has-large-font-size\">Cr\u00e9ativit\u00e9 &amp; coh\u00e9rence<\/h3>\n\n\n\n<p>Du brief \u00e0 l\u2019export final, nous veillons \u00e0 ce que chaque \u00e9l\u00e9ment visuel soit en phase avec votre identit\u00e9 de marque, pour une communication harmonieuse et m\u00e9morable.<\/p>\n\n\n\n<hr class=\"wp-block-separator has-alpha-channel-opacity\"\/>\n\n\n\n<p>Vous avez les images.<br>Nous avons l\u2019\u0153il, le rythme et la technique pour en faire <strong>des vid\u00e9os qui marquent.<\/strong><\/p>\n","protected":false},"excerpt":{"rendered":"<p>CR\u00c9ATIONS DE CONTENUS \u2022 Retouches photo \u2022 Vid\u00e9os sur-mesure Faites vibrer vos id\u00e9es \u00e0 travers des images qui bougent. Nous transformons vos s\u00e9quences brutes en &#8230; <a title=\"MONTAGE VIDEOS\" class=\"read-more\" href=\"https:\/\/www.visu-wal.com\/?page_id=1585\" aria-label=\"En savoir plus sur MONTAGE VIDEOS\">Lire plus<\/a><\/p>\n","protected":false},"author":1,"featured_media":0,"parent":0,"menu_order":0,"comment_status":"closed","ping_status":"closed","template":"","meta":{"footnotes":""},"class_list":["post-1585","page","type-page","status-publish"],"_links":{"self":[{"href":"https:\/\/www.visu-wal.com\/index.php?rest_route=\/wp\/v2\/pages\/1585","targetHints":{"allow":["GET"]}}],"collection":[{"href":"https:\/\/www.visu-wal.com\/index.php?rest_route=\/wp\/v2\/pages"}],"about":[{"href":"https:\/\/www.visu-wal.com\/index.php?rest_route=\/wp\/v2\/types\/page"}],"author":[{"embeddable":true,"href":"https:\/\/www.visu-wal.com\/index.php?rest_route=\/wp\/v2\/users\/1"}],"replies":[{"embeddable":true,"href":"https:\/\/www.visu-wal.com\/index.php?rest_route=%2Fwp%2Fv2%2Fcomments&post=1585"}],"version-history":[{"count":4,"href":"https:\/\/www.visu-wal.com\/index.php?rest_route=\/wp\/v2\/pages\/1585\/revisions"}],"predecessor-version":[{"id":2550,"href":"https:\/\/www.visu-wal.com\/index.php?rest_route=\/wp\/v2\/pages\/1585\/revisions\/2550"}],"wp:attachment":[{"href":"https:\/\/www.visu-wal.com\/index.php?rest_route=%2Fwp%2Fv2%2Fmedia&parent=1585"}],"curies":[{"name":"wp","href":"https:\/\/api.w.org\/{rel}","templated":true}]}}