{"id":47,"date":"2022-03-28T19:29:15","date_gmt":"2022-03-28T18:29:15","guid":{"rendered":"https:\/\/workout.wordifysites.com\/?page_id=47"},"modified":"2025-09-26T07:54:58","modified_gmt":"2025-09-26T07:54:58","slug":"nos-services","status":"publish","type":"page","link":"https:\/\/www.visu-wal.com\/?page_id=47","title":{"rendered":"Services"},"content":{"rendered":"\n<h3 class=\"gb-text-97a5ecf7\"><span class=\"gb-shape\"><svg viewBox=\"0 0 218.28 17.62\" xmlns=\"http:\/\/www.w3.org\/2000\/svg\" data-name=\"Capa 1\"><path d=\"M0 0h217.92v17.62H0z\"><\/path><\/svg><\/span><span class=\"gb-text\"><br><mark style=\"background-color:rgba(0, 0, 0, 0)\" class=\"has-inline-color has-base-2-color\"><strong>TRANSFORMEZ VOS ID\u00c9ES EN VISUELS <\/strong><br><strong>QUI PARLENT &amp; QUI MArQUENT<\/strong><\/mark> !<\/span><\/h3>\n\n\n\n<h4 class=\"gb-text gb-text-44c0d730\">Que vous soyez entrepreneur, artisan, association ou particulier, <br>chaque projet m\u00e9rite une identit\u00e9 visuelle forte, coh\u00e9rente et percutante. <\/h4>\n\n\n\n<p class=\"has-text-align-center has-large-font-size\"><mark style=\"background-color:rgba(0, 0, 0, 0);color:#0061fc\" class=\"has-inline-color\"><strong><em>Vous avez une id\u00e9e ? <\/em><\/strong><\/mark><strong><mark style=\"background-color:rgba(0, 0, 0, 0);color:#0061fc\" class=\"has-inline-color\"><em><br><\/em><\/mark><\/strong><mark style=\"background-color:rgba(0, 0, 0, 0);color:#0061fc\" class=\"has-inline-color\"><strong><em>On<\/em><\/strong><\/mark><mark style=\"background-color:rgba(0, 0, 0, 0);color:#0061fc\" class=\"has-inline-color\"><strong><em> vous aide \u00e0 la transformer en image.<\/em><br><\/strong><\/mark><\/p>\n\n\n\n<h4 class=\"wp-block-heading has-text-align-center has-large-font-size\"><br><\/h4>\n\n\n\n<p><\/p>\n\n\n\n<p><\/p>\n\n\n\n<h2 class=\"wp-block-heading has-text-align-center\"><strong><strong><mark style=\"background-color:rgba(0, 0, 0, 0)\" class=\"has-inline-color has-base-2-color\">CONCEPTION GRAPHIQUE<\/mark><\/strong><\/strong><\/h2>\n\n\n\n<div>\n<h4 class=\"wp-block-heading has-text-align-center has-medium-font-size\"><em><strong><em>(affiches, flyers, carte de visite, Roll up)<\/em><\/strong><\/em><\/h4>\n<\/div>\n\n\n<div class=\"wp-block-image\">\n<figure class=\"aligncenter size-large is-resized\"><img loading=\"lazy\" decoding=\"async\" width=\"1024\" height=\"585\" src=\"https:\/\/www.visu-wal.com\/wp-content\/uploads\/2025\/05\/70781d44-b32f-11ef-8195-0242ac110002-png-regular_image-1024x585.png\" alt=\"\" class=\"wp-image-1125\" style=\"width:423px;height:auto\" srcset=\"https:\/\/www.visu-wal.com\/wp-content\/uploads\/2025\/05\/70781d44-b32f-11ef-8195-0242ac110002-png-regular_image-1024x585.png 1024w, https:\/\/www.visu-wal.com\/wp-content\/uploads\/2025\/05\/70781d44-b32f-11ef-8195-0242ac110002-png-regular_image-300x171.png 300w, https:\/\/www.visu-wal.com\/wp-content\/uploads\/2025\/05\/70781d44-b32f-11ef-8195-0242ac110002-png-regular_image-768x439.png 768w, https:\/\/www.visu-wal.com\/wp-content\/uploads\/2025\/05\/70781d44-b32f-11ef-8195-0242ac110002-png-regular_image.png 1280w\" sizes=\"auto, (max-width: 1024px) 100vw, 1024px\" \/><\/figure>\n<\/div>\n\n\n<div>\n<div>\n<div>\n<p class=\"gb-text gb-text-3a030851\"><mark style=\"background-color:rgba(0, 0, 0, 0)\" class=\"has-inline-color has-base-color\"><mark style=\"background-color:rgba(0, 0, 0, 0)\" class=\"has-inline-color has-base-2-color\">Identit\u00e9 visuelle, supports print ou digitaux : jnous donnons forme \u00e0 vos id\u00e9es.<br>Des cr\u00e9ations graphiques sur-mesure, align\u00e9es avec votre image de marque et vos objectifs de communication<\/mark>.<\/mark><\/p>\n\n\n\n<div class=\"wp-block-group is-content-justification-center is-nowrap is-layout-flex wp-container-core-group-is-layout-94bc23d7 wp-block-group-is-layout-flex\">\n<a class=\"gb-text gb-text-3330a836\" href=\"https:\/\/www.visu-wal.com\/?page_id=1579\"><strong>LIRE PLUS<\/strong><\/a>\n<\/div>\n<\/div>\n<\/div>\n<\/div>\n\n\n\n<hr class=\"wp-block-separator has-text-color has-accent-color has-alpha-channel-opacity has-accent-background-color has-background is-style-dots\"\/>\n\n\n\n<h2 class=\"wp-block-heading\"><br><\/h2>\n\n\n\n<h2 class=\"wp-block-heading has-text-align-center\"><strong><mark style=\"background-color:rgba(0, 0, 0, 0)\" class=\"has-inline-color has-base-2-color\">SITE INTERNET<\/mark><\/strong><\/h2>\n\n\n\n<div>\n<h4 class=\"wp-block-heading has-text-align-center has-medium-font-size\"><em><strong><em>(site vitrine, boutique)<\/em><\/strong><\/em><\/h4>\n<\/div>\n\n\n<div class=\"wp-block-image\">\n<figure class=\"aligncenter size-large is-resized\"><img loading=\"lazy\" decoding=\"async\" width=\"1024\" height=\"682\" src=\"https:\/\/www.visu-wal.com\/wp-content\/uploads\/2025\/08\/f7b4728c-3cb0-11e8-8656-0242ac11000f-jpeg-regular_image-1024x682.jpeg\" alt=\"\" class=\"wp-image-2288\" style=\"width:423px;height:auto\" srcset=\"https:\/\/www.visu-wal.com\/wp-content\/uploads\/2025\/08\/f7b4728c-3cb0-11e8-8656-0242ac11000f-jpeg-regular_image-1024x682.jpeg 1024w, https:\/\/www.visu-wal.com\/wp-content\/uploads\/2025\/08\/f7b4728c-3cb0-11e8-8656-0242ac11000f-jpeg-regular_image-300x200.jpeg 300w, https:\/\/www.visu-wal.com\/wp-content\/uploads\/2025\/08\/f7b4728c-3cb0-11e8-8656-0242ac11000f-jpeg-regular_image-768x512.jpeg 768w, https:\/\/www.visu-wal.com\/wp-content\/uploads\/2025\/08\/f7b4728c-3cb0-11e8-8656-0242ac11000f-jpeg-regular_image.jpeg 1280w\" sizes=\"auto, (max-width: 1024px) 100vw, 1024px\" \/><\/figure>\n<\/div>\n\n\n<div>\n<div>\n<div>\n<p class=\"gb-text gb-text-fcf0cc14\"><mark style=\"background-color:rgba(0, 0, 0, 0)\" class=\"has-inline-color has-base-color\">Un site clair, \u00e9l\u00e9gant et efficace pour pr\u00e9senter votre activit\u00e9.<br>Des sites vitrines sur-mesure, pens\u00e9s pour valoriser votre image, transmettre vos valeurs et donner envie de vous contacter.<\/mark><\/p>\n\n\n\n<div class=\"wp-block-group is-content-justification-center is-nowrap is-layout-flex wp-container-core-group-is-layout-94bc23d7 wp-block-group-is-layout-flex\">\n<a class=\"gb-text gb-text-9f57609b\" href=\"https:\/\/www.visu-wal.com\/?page_id=1581\">LIRE PLUS<\/a>\n<\/div>\n<\/div>\n<\/div>\n<\/div>\n\n\n\n<hr class=\"wp-block-separator has-text-color has-accent-color has-alpha-channel-opacity has-accent-background-color has-background is-style-dots\"\/>\n\n\n\n<h2 class=\"wp-block-heading\"><br><\/h2>\n\n\n\n<h2 class=\"wp-block-heading has-text-align-center\"><strong><strong><mark style=\"background-color:rgba(0, 0, 0, 0)\" class=\"has-inline-color has-base-2-color\">STRAT<mark style=\"background-color:rgba(0, 0, 0, 0)\" class=\"has-inline-color has-base-2-color\"><strong>\u00c9<\/strong><\/mark>GIE DE COMMUNICATION<\/mark><\/strong><\/strong><\/h2>\n\n\n\n<div>\n<h4 class=\"wp-block-heading has-text-align-center has-medium-font-size\"><em><strong><em>(consulting, coaching, formations)<\/em><\/strong><\/em><\/h4>\n<\/div>\n\n\n<div class=\"wp-block-image\">\n<figure class=\"aligncenter size-large is-resized\"><img loading=\"lazy\" decoding=\"async\" width=\"1024\" height=\"683\" src=\"https:\/\/www.visu-wal.com\/wp-content\/uploads\/2022\/03\/chairs-2181994_1920-1024x683.jpg\" alt=\"\" class=\"wp-image-1286\" style=\"width:423px;height:auto\" srcset=\"https:\/\/www.visu-wal.com\/wp-content\/uploads\/2022\/03\/chairs-2181994_1920-1024x683.jpg 1024w, https:\/\/www.visu-wal.com\/wp-content\/uploads\/2022\/03\/chairs-2181994_1920-300x200.jpg 300w, https:\/\/www.visu-wal.com\/wp-content\/uploads\/2022\/03\/chairs-2181994_1920-768x512.jpg 768w, https:\/\/www.visu-wal.com\/wp-content\/uploads\/2022\/03\/chairs-2181994_1920-1536x1025.jpg 1536w, https:\/\/www.visu-wal.com\/wp-content\/uploads\/2022\/03\/chairs-2181994_1920.jpg 1920w\" sizes=\"auto, (max-width: 1024px) 100vw, 1024px\" \/><\/figure>\n<\/div>\n\n\n<div>\n<div>\n<div>\n<p class=\"gb-text gb-text-ef86001a\">Audits, Formations, Accompagnement aux changements. Audit de l\u2019identit\u00e9 visuelle et verbale (site, r\u00e9seaux, supports imprim\u00e9s). Identification des forces, incoh\u00e9rences ou points d\u2019am\u00e9lioration. Analyse du positionnement de marque et de la cible.<\/p>\n\n\n\n<div class=\"wp-block-group is-content-justification-center is-nowrap is-layout-flex wp-container-core-group-is-layout-94bc23d7 wp-block-group-is-layout-flex\">\n<a class=\"gb-text gb-text-a5344c94\" href=\"https:\/\/www.visu-wal.com\/?page_id=1583\">LIRE PLUS<\/a>\n<\/div>\n<\/div>\n<\/div>\n<\/div>\n\n\n\n<hr class=\"wp-block-separator has-text-color has-accent-color has-alpha-channel-opacity has-accent-background-color has-background is-style-dots\"\/>\n\n\n\n<h2 class=\"wp-block-heading\"><br><\/h2>\n\n\n\n<h2 class=\"wp-block-heading has-text-align-center\"><strong><strong><mark style=\"background-color:rgba(0, 0, 0, 0)\" class=\"has-inline-color has-base-2-color\">MONTAGE VID<strong>\u00c9<\/strong>OS<\/mark><\/strong><\/strong><\/h2>\n\n\n\n<div>\n<h4 class=\"wp-block-heading has-text-align-center has-medium-font-size\"><em><strong><em>(cr\u00e9ations de contenus, retouches photos)<\/em><\/strong><\/em><\/h4>\n<\/div>\n\n\n<div class=\"wp-block-image\">\n<figure class=\"aligncenter size-large is-resized\"><img loading=\"lazy\" decoding=\"async\" width=\"1024\" height=\"682\" src=\"https:\/\/www.visu-wal.com\/wp-content\/uploads\/2025\/05\/6c795848-b32f-11ef-bb25-0242ac110002-jpg-regular_image-1024x682.jpeg\" alt=\"\" class=\"wp-image-1121\" style=\"width:423px;height:auto\" srcset=\"https:\/\/www.visu-wal.com\/wp-content\/uploads\/2025\/05\/6c795848-b32f-11ef-bb25-0242ac110002-jpg-regular_image-1024x682.jpeg 1024w, https:\/\/www.visu-wal.com\/wp-content\/uploads\/2025\/05\/6c795848-b32f-11ef-bb25-0242ac110002-jpg-regular_image-300x200.jpeg 300w, https:\/\/www.visu-wal.com\/wp-content\/uploads\/2025\/05\/6c795848-b32f-11ef-bb25-0242ac110002-jpg-regular_image-768x512.jpeg 768w, https:\/\/www.visu-wal.com\/wp-content\/uploads\/2025\/05\/6c795848-b32f-11ef-bb25-0242ac110002-jpg-regular_image.jpeg 1280w\" sizes=\"auto, (max-width: 1024px) 100vw, 1024px\" \/><\/figure>\n<\/div>\n\n\n<div>\n<div>\n<div>\n<p class=\"gb-text gb-text-78c06e45\"><mark style=\"background-color:rgba(0, 0, 0, 0)\" class=\"has-inline-color has-base-color\"><mark style=\"background-color:rgba(0, 0, 0, 0)\" class=\"has-inline-color has-base-2-color\">Dynamique, fluide et sur-mesure, nous donnons du rythme \u00e0 vos id\u00e9es.<br>Du tri des s\u00e9quences \u00e0 l\u2019export final, nous transformons vos rushs en vid\u00e9os percutantes, pr\u00eates \u00e0 captiver votre audience.<\/mark><\/mark><\/p>\n\n\n\n<div class=\"wp-block-group is-content-justification-center is-nowrap is-layout-flex wp-container-core-group-is-layout-94bc23d7 wp-block-group-is-layout-flex\">\n<a class=\"gb-text gb-text-1c68c9e1\" href=\"https:\/\/www.visu-wal.com\/?page_id=1585\">LIRE PLUS<\/a>\n<\/div>\n<\/div>\n<\/div>\n<\/div>\n\n\n\n<hr class=\"wp-block-separator has-text-color has-accent-color has-alpha-channel-opacity has-accent-background-color has-background is-style-dots\"\/>\n\n\n\n<h2 class=\"wp-block-heading\"><br><\/h2>\n\n\n\n<h2 class=\"wp-block-heading has-text-align-center\"><mark style=\"background-color:rgba(0, 0, 0, 0)\" class=\"has-inline-color has-base-2-color\"><strong>IDENTIT\u00c9 DE MARQUE<\/strong><\/mark><\/h2>\n\n\n\n<div>\n<h4 class=\"wp-block-heading has-text-align-center has-medium-font-size\"><em><mark style=\"background-color:rgba(0, 0, 0, 0)\" class=\"has-inline-color has-base-2-color\">(logo, charte graphique)<\/mark><\/em><\/h4>\n<\/div>\n\n\n<div class=\"wp-block-image\">\n<figure class=\"aligncenter size-large is-resized\"><img loading=\"lazy\" decoding=\"async\" width=\"1024\" height=\"768\" src=\"https:\/\/www.visu-wal.com\/wp-content\/uploads\/2025\/05\/6f738d8e-b32f-11ef-a10c-0242ac110002-jpg-regular_image-1024x768.jpeg\" alt=\"\" class=\"wp-image-1122\" style=\"width:423px;height:auto\" srcset=\"https:\/\/www.visu-wal.com\/wp-content\/uploads\/2025\/05\/6f738d8e-b32f-11ef-a10c-0242ac110002-jpg-regular_image-1024x768.jpeg 1024w, https:\/\/www.visu-wal.com\/wp-content\/uploads\/2025\/05\/6f738d8e-b32f-11ef-a10c-0242ac110002-jpg-regular_image-300x225.jpeg 300w, https:\/\/www.visu-wal.com\/wp-content\/uploads\/2025\/05\/6f738d8e-b32f-11ef-a10c-0242ac110002-jpg-regular_image-768x576.jpeg 768w, https:\/\/www.visu-wal.com\/wp-content\/uploads\/2025\/05\/6f738d8e-b32f-11ef-a10c-0242ac110002-jpg-regular_image.jpeg 1280w\" sizes=\"auto, (max-width: 1024px) 100vw, 1024px\" \/><\/figure>\n<\/div>\n\n\n<div>\n<div>\n<div>\n<p class=\"gb-text gb-text-d17ca78f\"><mark style=\"background-color:rgba(0, 0, 0, 0)\" class=\"has-inline-color has-base-color\">Identit\u00e9s de marque coh\u00e9rentes et percutantes, en accord avec vos valeurs.<br>De la conception du logo aux choix graphiques, chaque d\u00e9tail est pens\u00e9 pour raconter votre histoire.<br>Notre approche collaborative vise \u00e0 b\u00e2tir une image forte qui attire, rassure et fid\u00e9lise votre public.<\/mark><\/p>\n\n\n\n<div class=\"wp-block-group is-content-justification-center is-nowrap is-layout-flex wp-container-core-group-is-layout-94bc23d7 wp-block-group-is-layout-flex\">\n<a class=\"gb-text gb-text-e473dc91\" href=\"https:\/\/www.visu-wal.com\/?page_id=1587\">LIRE PLUS<\/a>\n<\/div>\n<\/div>\n<\/div>\n<\/div>\n\n\n\n<hr class=\"wp-block-separator has-text-color has-accent-color has-alpha-channel-opacity has-accent-background-color has-background is-style-dots\"\/>\n\n\n\n<h2 class=\"wp-block-heading\"><br><\/h2>\n\n\n\n<h2 class=\"wp-block-heading\">Besoin d&rsquo;un forfait sur mesure ? <a href=\"https:\/\/www.visu-wal.com\/?page_id=53\"><mark style=\"background-color:rgba(0, 0, 0, 0)\" class=\"has-inline-color has-accent-color\">Contactez nous !<\/mark><\/a><\/h2>\n\n\n\n<p><\/p>\n","protected":false},"excerpt":{"rendered":"<p>TRANSFORMEZ VOS ID\u00c9ES EN VISUELS QUI PARLENT &amp; QUI MArQUENT ! Que vous soyez entrepreneur, artisan, association ou particulier, chaque projet m\u00e9rite une identit\u00e9 visuelle &#8230; <a title=\"Services\" class=\"read-more\" href=\"https:\/\/www.visu-wal.com\/?page_id=47\" aria-label=\"En savoir plus sur Services\">Lire plus<\/a><\/p>\n","protected":false},"author":1,"featured_media":0,"parent":0,"menu_order":0,"comment_status":"closed","ping_status":"closed","template":"","meta":{"footnotes":""},"class_list":["post-47","page","type-page","status-publish"],"_links":{"self":[{"href":"https:\/\/www.visu-wal.com\/index.php?rest_route=\/wp\/v2\/pages\/47","targetHints":{"allow":["GET"]}}],"collection":[{"href":"https:\/\/www.visu-wal.com\/index.php?rest_route=\/wp\/v2\/pages"}],"about":[{"href":"https:\/\/www.visu-wal.com\/index.php?rest_route=\/wp\/v2\/types\/page"}],"author":[{"embeddable":true,"href":"https:\/\/www.visu-wal.com\/index.php?rest_route=\/wp\/v2\/users\/1"}],"replies":[{"embeddable":true,"href":"https:\/\/www.visu-wal.com\/index.php?rest_route=%2Fwp%2Fv2%2Fcomments&post=47"}],"version-history":[{"count":72,"href":"https:\/\/www.visu-wal.com\/index.php?rest_route=\/wp\/v2\/pages\/47\/revisions"}],"predecessor-version":[{"id":2387,"href":"https:\/\/www.visu-wal.com\/index.php?rest_route=\/wp\/v2\/pages\/47\/revisions\/2387"}],"wp:attachment":[{"href":"https:\/\/www.visu-wal.com\/index.php?rest_route=%2Fwp%2Fv2%2Fmedia&parent=47"}],"curies":[{"name":"wp","href":"https:\/\/api.w.org\/{rel}","templated":true}]}}